{"id":123,"date":"2023-03-03T18:46:21","date_gmt":"2023-03-03T18:46:21","guid":{"rendered":"https:\/\/zahradapisnickaru.cz\/?page_id=123"},"modified":"2024-01-25T13:29:07","modified_gmt":"2024-01-25T13:29:07","slug":"porota","status":"publish","type":"page","link":"https:\/\/zahradapisnickaru.cz\/category\/aktulity\/porota\/","title":{"rendered":"Porota"},"content":{"rendered":"\n<div class=\"wp-block-columns is-layout-flex wp-container-core-columns-is-layout-1 wp-block-columns-is-layout-flex\">\n<div class=\"wp-block-column is-vertically-aligned-center is-layout-flow wp-block-column-is-layout-flow\">\n<p class=\"has-text-align-right\"><strong>Jan \u017damboch&nbsp;<\/strong>(hudebn\u00edk)<\/p>\n<\/div>\n\n\n\n<div class=\"wp-block-column is-layout-flow wp-block-column-is-layout-flow\">\n<figure class=\"wp-block-image size-full\"><img loading=\"lazy\" decoding=\"async\" width=\"558\" height=\"400\" src=\"https:\/\/zahradapisnickaru.cz\/wp-content\/uploads\/2023\/03\/Jan-Zamboch-1.jpg\" alt=\"\" class=\"wp-image-196\" srcset=\"https:\/\/zahradapisnickaru.cz\/wp-content\/uploads\/2023\/03\/Jan-Zamboch-1.jpg 558w, https:\/\/zahradapisnickaru.cz\/wp-content\/uploads\/2023\/03\/Jan-Zamboch-1-300x215.jpg 300w\" sizes=\"auto, (max-width: 558px) 100vw, 558px\" \/><\/figure>\n<\/div>\n<\/div>\n\n\n\n<div class=\"wp-block-columns is-layout-flex wp-container-core-columns-is-layout-2 wp-block-columns-is-layout-flex\">\n<div class=\"wp-block-column is-layout-flow wp-block-column-is-layout-flow\">\n<figure class=\"wp-block-image size-full\"><img loading=\"lazy\" decoding=\"async\" width=\"592\" height=\"400\" src=\"https:\/\/zahradapisnickaru.cz\/wp-content\/uploads\/2023\/03\/Pavel-Strakos-1.jpg\" alt=\"\" class=\"wp-image-197\" srcset=\"https:\/\/zahradapisnickaru.cz\/wp-content\/uploads\/2023\/03\/Pavel-Strakos-1.jpg 592w, https:\/\/zahradapisnickaru.cz\/wp-content\/uploads\/2023\/03\/Pavel-Strakos-1-300x203.jpg 300w\" sizes=\"auto, (max-width: 592px) 100vw, 592px\" \/><\/figure>\n<\/div>\n\n\n\n<div class=\"wp-block-column is-vertically-aligned-center is-layout-flow wp-block-column-is-layout-flow\">\n<p><strong>Pavel Strako\u0161<\/strong>&nbsp;(dramaturg a re\u017eis\u00e9r TV Noe)<\/p>\n<\/div>\n<\/div>\n\n\n\n<div class=\"wp-block-columns is-layout-flex wp-container-core-columns-is-layout-3 wp-block-columns-is-layout-flex\">\n<div class=\"wp-block-column is-vertically-aligned-center is-layout-flow wp-block-column-is-layout-flow\">\n<p class=\"has-text-align-right\"><strong>Lud\u011bk Stra\u0161\u00e1k<\/strong>\u00a0(hudebn\u00edk a po\u0159adatel)<\/p>\n<\/div>\n\n\n\n<div class=\"wp-block-column is-layout-flow wp-block-column-is-layout-flow\">\n<figure class=\"wp-block-image size-large\"><img loading=\"lazy\" decoding=\"async\" width=\"1024\" height=\"908\" src=\"https:\/\/zahradapisnickaru.cz\/wp-content\/uploads\/2024\/01\/Ludek_Strasak-1024x908.jpg\" alt=\"\" class=\"wp-image-449\" srcset=\"https:\/\/zahradapisnickaru.cz\/wp-content\/uploads\/2024\/01\/Ludek_Strasak-1024x908.jpg 1024w, https:\/\/zahradapisnickaru.cz\/wp-content\/uploads\/2024\/01\/Ludek_Strasak-300x266.jpg 300w, https:\/\/zahradapisnickaru.cz\/wp-content\/uploads\/2024\/01\/Ludek_Strasak-768x681.jpg 768w, https:\/\/zahradapisnickaru.cz\/wp-content\/uploads\/2024\/01\/Ludek_Strasak.jpg 1280w\" sizes=\"auto, (max-width: 1024px) 100vw, 1024px\" \/><\/figure>\n<\/div>\n<\/div>\n\n\n\n<div class=\"wp-block-columns is-layout-flex wp-container-core-columns-is-layout-4 wp-block-columns-is-layout-flex\">\n<div class=\"wp-block-column is-layout-flow wp-block-column-is-layout-flow\">\n<figure class=\"wp-block-image size-full\"><img loading=\"lazy\" decoding=\"async\" width=\"589\" height=\"400\" src=\"https:\/\/zahradapisnickaru.cz\/wp-content\/uploads\/2023\/03\/Tesar.jpg\" alt=\"\" class=\"wp-image-199\" srcset=\"https:\/\/zahradapisnickaru.cz\/wp-content\/uploads\/2023\/03\/Tesar.jpg 589w, https:\/\/zahradapisnickaru.cz\/wp-content\/uploads\/2023\/03\/Tesar-300x204.jpg 300w\" sizes=\"auto, (max-width: 589px) 100vw, 589px\" \/><\/figure>\n<\/div>\n\n\n\n<div class=\"wp-block-column is-vertically-aligned-center is-layout-flow wp-block-column-is-layout-flow\">\n<p><strong>Milan Tesa\u0159<\/strong>&nbsp;(hudebn\u00ed publicista)<\/p>\n<\/div>\n<\/div>\n\n\n\n<div class=\"wp-block-columns is-layout-flex wp-container-core-columns-is-layout-5 wp-block-columns-is-layout-flex\">\n<div class=\"wp-block-column is-vertically-aligned-center is-layout-flow wp-block-column-is-layout-flow\">\n<p class=\"has-text-align-right\"><strong>Sl\u00e1vek Janou\u0161ek<\/strong>&nbsp;(p\u00edsni\u010dk\u00e1\u0159) <\/p>\n<\/div>\n\n\n\n<div class=\"wp-block-column is-layout-flow wp-block-column-is-layout-flow\">\n<figure class=\"wp-block-image size-full\"><img loading=\"lazy\" decoding=\"async\" width=\"267\" height=\"400\" src=\"https:\/\/zahradapisnickaru.cz\/wp-content\/uploads\/2023\/03\/Slavek-Janousek.jpg\" alt=\"\" class=\"wp-image-200\" srcset=\"https:\/\/zahradapisnickaru.cz\/wp-content\/uploads\/2023\/03\/Slavek-Janousek.jpg 267w, https:\/\/zahradapisnickaru.cz\/wp-content\/uploads\/2023\/03\/Slavek-Janousek-200x300.jpg 200w\" sizes=\"auto, (max-width: 267px) 100vw, 267px\" \/><\/figure>\n<\/div>\n<\/div>\n\n\n\n<div class=\"wp-block-columns is-layout-flex wp-container-core-columns-is-layout-6 wp-block-columns-is-layout-flex\">\n<div class=\"wp-block-column is-layout-flow wp-block-column-is-layout-flow\">\n<figure class=\"wp-block-image size-full\"><img loading=\"lazy\" decoding=\"async\" width=\"637\" height=\"400\" src=\"https:\/\/zahradapisnickaru.cz\/wp-content\/uploads\/2023\/03\/Milan-Kaplan.jpg\" alt=\"\" class=\"wp-image-201\" srcset=\"https:\/\/zahradapisnickaru.cz\/wp-content\/uploads\/2023\/03\/Milan-Kaplan.jpg 637w, https:\/\/zahradapisnickaru.cz\/wp-content\/uploads\/2023\/03\/Milan-Kaplan-300x188.jpg 300w\" sizes=\"auto, (max-width: 637px) 100vw, 637px\" \/><\/figure>\n<\/div>\n\n\n\n<div class=\"wp-block-column is-vertically-aligned-center is-layout-flow wp-block-column-is-layout-flow\">\n<p><strong>Milan Kaplan&nbsp;<\/strong>(dramaturg a organiz\u00e1tor)<\/p>\n<\/div>\n<\/div>\n","protected":false},"excerpt":{"rendered":"<p>Jan \u017damboch&nbsp;(hudebn\u00edk) Pavel Strako\u0161&nbsp;(dramaturg a re\u017eis\u00e9r TV Noe) Lud\u011bk Stra\u0161\u00e1k\u00a0(hudebn\u00edk a po\u0159adatel) Milan Tesa\u0159&nbsp;(hudebn\u00ed publicista) Sl\u00e1vek Janou\u0161ek&nbsp;(p\u00edsni\u010dk\u00e1\u0159) Milan Kaplan&nbsp;(dramaturg a organiz\u00e1tor)<\/p>\n","protected":false},"author":2,"featured_media":0,"parent":0,"menu_order":0,"comment_status":"closed","ping_status":"closed","template":"","meta":{"footnotes":""},"class_list":["post-123","page","type-page","status-publish","hentry"],"yoast_head":"<!-- This site is optimized with the Yoast SEO plugin v24.4 - https:\/\/yoast.com\/wordpress\/plugins\/seo\/ -->\n<title>Porota - Zahrada p\u00edsni\u010dk\u00e1r\u016f<\/title>\n<meta name=\"robots\" content=\"index, follow, max-snippet:-1, max-image-preview:large, max-video-preview:-1\" \/>\n<link rel=\"canonical\" href=\"https:\/\/zahradapisnickaru.cz\/category\/aktulity\/porota\/\" \/>\n<meta property=\"og:locale\" content=\"cs_CZ\" \/>\n<meta property=\"og:type\" content=\"article\" \/>\n<meta property=\"og:title\" content=\"Porota - Zahrada p\u00edsni\u010dk\u00e1r\u016f\" \/>\n<meta property=\"og:description\" content=\"Jan \u017damboch&nbsp;(hudebn\u00edk) Pavel Strako\u0161&nbsp;(dramaturg a re\u017eis\u00e9r TV Noe) Lud\u011bk Stra\u0161\u00e1k\u00a0(hudebn\u00edk a po\u0159adatel) Milan Tesa\u0159&nbsp;(hudebn\u00ed publicista) Sl\u00e1vek Janou\u0161ek&nbsp;(p\u00edsni\u010dk\u00e1\u0159) Milan Kaplan&nbsp;(dramaturg a organiz\u00e1tor)\" \/>\n<meta property=\"og:url\" content=\"https:\/\/zahradapisnickaru.cz\/category\/aktulity\/porota\/\" \/>\n<meta property=\"og:site_name\" content=\"Zahrada p\u00edsni\u010dk\u00e1r\u016f\" \/>\n<meta property=\"article:publisher\" content=\"https:\/\/www.facebook.com\/zahradapisnickaru\/\" \/>\n<meta property=\"article:modified_time\" content=\"2024-01-25T13:29:07+00:00\" \/>\n<meta property=\"og:image\" content=\"https:\/\/zahradapisnickaru.cz\/wp-content\/uploads\/2023\/03\/Jan-Zamboch-1.jpg\" \/>\n\t<meta property=\"og:image:width\" content=\"558\" \/>\n\t<meta property=\"og:image:height\" content=\"400\" \/>\n\t<meta property=\"og:image:type\" content=\"image\/jpeg\" \/>\n<meta name=\"twitter:card\" content=\"summary_large_image\" \/>\n<script type=\"application\/ld+json\" class=\"yoast-schema-graph\">{\"@context\":\"https:\/\/schema.org\",\"@graph\":[{\"@type\":\"WebPage\",\"@id\":\"https:\/\/zahradapisnickaru.cz\/category\/aktulity\/porota\/\",\"url\":\"https:\/\/zahradapisnickaru.cz\/category\/aktulity\/porota\/\",\"name\":\"Porota - Zahrada p\u00edsni\u010dk\u00e1r\u016f\",\"isPartOf\":{\"@id\":\"https:\/\/zahradapisnickaru.cz\/category\/aktulity\/#website\"},\"primaryImageOfPage\":{\"@id\":\"https:\/\/zahradapisnickaru.cz\/category\/aktulity\/porota\/#primaryimage\"},\"image\":{\"@id\":\"https:\/\/zahradapisnickaru.cz\/category\/aktulity\/porota\/#primaryimage\"},\"thumbnailUrl\":\"https:\/\/zahradapisnickaru.cz\/wp-content\/uploads\/2023\/03\/Jan-Zamboch-1.jpg\",\"datePublished\":\"2023-03-03T18:46:21+00:00\",\"dateModified\":\"2024-01-25T13:29:07+00:00\",\"breadcrumb\":{\"@id\":\"https:\/\/zahradapisnickaru.cz\/category\/aktulity\/porota\/#breadcrumb\"},\"inLanguage\":\"cs\",\"potentialAction\":[{\"@type\":\"ReadAction\",\"target\":[\"https:\/\/zahradapisnickaru.cz\/category\/aktulity\/porota\/\"]}]},{\"@type\":\"ImageObject\",\"inLanguage\":\"cs\",\"@id\":\"https:\/\/zahradapisnickaru.cz\/category\/aktulity\/porota\/#primaryimage\",\"url\":\"https:\/\/zahradapisnickaru.cz\/wp-content\/uploads\/2023\/03\/Jan-Zamboch-1.jpg\",\"contentUrl\":\"https:\/\/zahradapisnickaru.cz\/wp-content\/uploads\/2023\/03\/Jan-Zamboch-1.jpg\"},{\"@type\":\"BreadcrumbList\",\"@id\":\"https:\/\/zahradapisnickaru.cz\/category\/aktulity\/porota\/#breadcrumb\",\"itemListElement\":[{\"@type\":\"ListItem\",\"position\":1,\"name\":\"Dom\u016f\",\"item\":\"https:\/\/zahradapisnickaru.cz\/category\/aktulity\/\"},{\"@type\":\"ListItem\",\"position\":2,\"name\":\"Porota\"}]},{\"@type\":\"WebSite\",\"@id\":\"https:\/\/zahradapisnickaru.cz\/category\/aktulity\/#website\",\"url\":\"https:\/\/zahradapisnickaru.cz\/category\/aktulity\/\",\"name\":\"Zahrada p\u00edsni\u010dk\u00e1r\u016f\",\"description\":\"konkurzn\u00ed festival televize Noe ur\u010den\u00fd p\u00edsni\u010dk\u00e1\u0159\u016fm a p\u00edsni\u010dk\u00e1\u0159sk\u00fdm dvojic\u00edm\",\"publisher\":{\"@id\":\"https:\/\/zahradapisnickaru.cz\/category\/aktulity\/#organization\"},\"potentialAction\":[{\"@type\":\"SearchAction\",\"target\":{\"@type\":\"EntryPoint\",\"urlTemplate\":\"https:\/\/zahradapisnickaru.cz\/category\/aktulity\/?s={search_term_string}\"},\"query-input\":{\"@type\":\"PropertyValueSpecification\",\"valueRequired\":true,\"valueName\":\"search_term_string\"}}],\"inLanguage\":\"cs\"},{\"@type\":\"Organization\",\"@id\":\"https:\/\/zahradapisnickaru.cz\/category\/aktulity\/#organization\",\"name\":\"Zahrada p\u00edsni\u010dk\u00e1r\u016f\",\"url\":\"https:\/\/zahradapisnickaru.cz\/category\/aktulity\/\",\"logo\":{\"@type\":\"ImageObject\",\"inLanguage\":\"cs\",\"@id\":\"https:\/\/zahradapisnickaru.cz\/category\/aktulity\/#\/schema\/logo\/image\/\",\"url\":\"https:\/\/zahradapisnickaru.cz\/wp-content\/uploads\/2023\/02\/logo_zahrada_pisnickaru.png\",\"contentUrl\":\"https:\/\/zahradapisnickaru.cz\/wp-content\/uploads\/2023\/02\/logo_zahrada_pisnickaru.png\",\"width\":300,\"height\":300,\"caption\":\"Zahrada p\u00edsni\u010dk\u00e1r\u016f\"},\"image\":{\"@id\":\"https:\/\/zahradapisnickaru.cz\/category\/aktulity\/#\/schema\/logo\/image\/\"},\"sameAs\":[\"https:\/\/www.facebook.com\/zahradapisnickaru\/\"]}]}<\/script>\n<!-- \/ Yoast SEO plugin. -->","yoast_head_json":{"title":"Porota - Zahrada p\u00edsni\u010dk\u00e1r\u016f","robots":{"index":"index","follow":"follow","max-snippet":"max-snippet:-1","max-image-preview":"max-image-preview:large","max-video-preview":"max-video-preview:-1"},"canonical":"https:\/\/zahradapisnickaru.cz\/category\/aktulity\/porota\/","og_locale":"cs_CZ","og_type":"article","og_title":"Porota - Zahrada p\u00edsni\u010dk\u00e1r\u016f","og_description":"Jan \u017damboch&nbsp;(hudebn\u00edk) Pavel Strako\u0161&nbsp;(dramaturg a re\u017eis\u00e9r TV Noe) Lud\u011bk Stra\u0161\u00e1k\u00a0(hudebn\u00edk a po\u0159adatel) Milan Tesa\u0159&nbsp;(hudebn\u00ed publicista) Sl\u00e1vek Janou\u0161ek&nbsp;(p\u00edsni\u010dk\u00e1\u0159) Milan Kaplan&nbsp;(dramaturg a organiz\u00e1tor)","og_url":"https:\/\/zahradapisnickaru.cz\/category\/aktulity\/porota\/","og_site_name":"Zahrada p\u00edsni\u010dk\u00e1r\u016f","article_publisher":"https:\/\/www.facebook.com\/zahradapisnickaru\/","article_modified_time":"2024-01-25T13:29:07+00:00","og_image":[{"width":558,"height":400,"url":"https:\/\/zahradapisnickaru.cz\/wp-content\/uploads\/2023\/03\/Jan-Zamboch-1.jpg","type":"image\/jpeg"}],"twitter_card":"summary_large_image","schema":{"@context":"https:\/\/schema.org","@graph":[{"@type":"WebPage","@id":"https:\/\/zahradapisnickaru.cz\/category\/aktulity\/porota\/","url":"https:\/\/zahradapisnickaru.cz\/category\/aktulity\/porota\/","name":"Porota - Zahrada p\u00edsni\u010dk\u00e1r\u016f","isPartOf":{"@id":"https:\/\/zahradapisnickaru.cz\/category\/aktulity\/#website"},"primaryImageOfPage":{"@id":"https:\/\/zahradapisnickaru.cz\/category\/aktulity\/porota\/#primaryimage"},"image":{"@id":"https:\/\/zahradapisnickaru.cz\/category\/aktulity\/porota\/#primaryimage"},"thumbnailUrl":"https:\/\/zahradapisnickaru.cz\/wp-content\/uploads\/2023\/03\/Jan-Zamboch-1.jpg","datePublished":"2023-03-03T18:46:21+00:00","dateModified":"2024-01-25T13:29:07+00:00","breadcrumb":{"@id":"https:\/\/zahradapisnickaru.cz\/category\/aktulity\/porota\/#breadcrumb"},"inLanguage":"cs","potentialAction":[{"@type":"ReadAction","target":["https:\/\/zahradapisnickaru.cz\/category\/aktulity\/porota\/"]}]},{"@type":"ImageObject","inLanguage":"cs","@id":"https:\/\/zahradapisnickaru.cz\/category\/aktulity\/porota\/#primaryimage","url":"https:\/\/zahradapisnickaru.cz\/wp-content\/uploads\/2023\/03\/Jan-Zamboch-1.jpg","contentUrl":"https:\/\/zahradapisnickaru.cz\/wp-content\/uploads\/2023\/03\/Jan-Zamboch-1.jpg"},{"@type":"BreadcrumbList","@id":"https:\/\/zahradapisnickaru.cz\/category\/aktulity\/porota\/#breadcrumb","itemListElement":[{"@type":"ListItem","position":1,"name":"Dom\u016f","item":"https:\/\/zahradapisnickaru.cz\/category\/aktulity\/"},{"@type":"ListItem","position":2,"name":"Porota"}]},{"@type":"WebSite","@id":"https:\/\/zahradapisnickaru.cz\/category\/aktulity\/#website","url":"https:\/\/zahradapisnickaru.cz\/category\/aktulity\/","name":"Zahrada p\u00edsni\u010dk\u00e1r\u016f","description":"konkurzn\u00ed festival televize Noe ur\u010den\u00fd p\u00edsni\u010dk\u00e1\u0159\u016fm a p\u00edsni\u010dk\u00e1\u0159sk\u00fdm dvojic\u00edm","publisher":{"@id":"https:\/\/zahradapisnickaru.cz\/category\/aktulity\/#organization"},"potentialAction":[{"@type":"SearchAction","target":{"@type":"EntryPoint","urlTemplate":"https:\/\/zahradapisnickaru.cz\/category\/aktulity\/?s={search_term_string}"},"query-input":{"@type":"PropertyValueSpecification","valueRequired":true,"valueName":"search_term_string"}}],"inLanguage":"cs"},{"@type":"Organization","@id":"https:\/\/zahradapisnickaru.cz\/category\/aktulity\/#organization","name":"Zahrada p\u00edsni\u010dk\u00e1r\u016f","url":"https:\/\/zahradapisnickaru.cz\/category\/aktulity\/","logo":{"@type":"ImageObject","inLanguage":"cs","@id":"https:\/\/zahradapisnickaru.cz\/category\/aktulity\/#\/schema\/logo\/image\/","url":"https:\/\/zahradapisnickaru.cz\/wp-content\/uploads\/2023\/02\/logo_zahrada_pisnickaru.png","contentUrl":"https:\/\/zahradapisnickaru.cz\/wp-content\/uploads\/2023\/02\/logo_zahrada_pisnickaru.png","width":300,"height":300,"caption":"Zahrada p\u00edsni\u010dk\u00e1r\u016f"},"image":{"@id":"https:\/\/zahradapisnickaru.cz\/category\/aktulity\/#\/schema\/logo\/image\/"},"sameAs":["https:\/\/www.facebook.com\/zahradapisnickaru\/"]}]}},"_links":{"self":[{"href":"https:\/\/zahradapisnickaru.cz\/category\/aktulity\/wp-json\/wp\/v2\/pages\/123","targetHints":{"allow":["GET"]}}],"collection":[{"href":"https:\/\/zahradapisnickaru.cz\/category\/aktulity\/wp-json\/wp\/v2\/pages"}],"about":[{"href":"https:\/\/zahradapisnickaru.cz\/category\/aktulity\/wp-json\/wp\/v2\/types\/page"}],"author":[{"embeddable":true,"href":"https:\/\/zahradapisnickaru.cz\/category\/aktulity\/wp-json\/wp\/v2\/users\/2"}],"replies":[{"embeddable":true,"href":"https:\/\/zahradapisnickaru.cz\/category\/aktulity\/wp-json\/wp\/v2\/comments?post=123"}],"version-history":[{"count":6,"href":"https:\/\/zahradapisnickaru.cz\/category\/aktulity\/wp-json\/wp\/v2\/pages\/123\/revisions"}],"predecessor-version":[{"id":647,"href":"https:\/\/zahradapisnickaru.cz\/category\/aktulity\/wp-json\/wp\/v2\/pages\/123\/revisions\/647"}],"wp:attachment":[{"href":"https:\/\/zahradapisnickaru.cz\/category\/aktulity\/wp-json\/wp\/v2\/media?parent=123"}],"curies":[{"name":"wp","href":"https:\/\/api.w.org\/{rel}","templated":true}]}}