{"id":455,"date":"2024-01-25T13:38:56","date_gmt":"2024-01-25T13:38:56","guid":{"rendered":"https:\/\/zahradapisnickaru.cz\/category\/aktulity\/?page_id=455"},"modified":"2024-01-25T13:38:56","modified_gmt":"2024-01-25T13:38:56","slug":"uplynule-rocniky","status":"publish","type":"page","link":"https:\/\/zahradapisnickaru.cz\/category\/aktulity\/uplynule-rocniky\/","title":{"rendered":"Uplynul\u00e9 ro\u010dn\u00edky"},"content":{"rendered":"","protected":false},"excerpt":{"rendered":"","protected":false},"author":2,"featured_media":0,"parent":0,"menu_order":0,"comment_status":"closed","ping_status":"closed","template":"","meta":{"footnotes":""},"class_list":["post-455","page","type-page","status-publish","hentry"],"yoast_head":"<!-- This site is optimized with the Yoast SEO plugin v24.4 - https:\/\/yoast.com\/wordpress\/plugins\/seo\/ -->\n<title>Uplynul\u00e9 ro\u010dn\u00edky - Zahrada p\u00edsni\u010dk\u00e1r\u016f<\/title>\n<meta name=\"robots\" content=\"index, follow, max-snippet:-1, max-image-preview:large, max-video-preview:-1\" \/>\n<link rel=\"canonical\" href=\"https:\/\/zahradapisnickaru.cz\/category\/aktulity\/uplynule-rocniky\/\" \/>\n<meta property=\"og:locale\" content=\"cs_CZ\" \/>\n<meta property=\"og:type\" content=\"article\" \/>\n<meta property=\"og:title\" content=\"Uplynul\u00e9 ro\u010dn\u00edky - Zahrada p\u00edsni\u010dk\u00e1r\u016f\" \/>\n<meta property=\"og:url\" content=\"https:\/\/zahradapisnickaru.cz\/category\/aktulity\/uplynule-rocniky\/\" \/>\n<meta property=\"og:site_name\" content=\"Zahrada p\u00edsni\u010dk\u00e1r\u016f\" \/>\n<meta property=\"article:publisher\" content=\"https:\/\/www.facebook.com\/zahradapisnickaru\/\" \/>\n<meta name=\"twitter:card\" content=\"summary_large_image\" \/>\n<script type=\"application\/ld+json\" class=\"yoast-schema-graph\">{\"@context\":\"https:\/\/schema.org\",\"@graph\":[{\"@type\":\"WebPage\",\"@id\":\"https:\/\/zahradapisnickaru.cz\/category\/aktulity\/uplynule-rocniky\/\",\"url\":\"https:\/\/zahradapisnickaru.cz\/category\/aktulity\/uplynule-rocniky\/\",\"name\":\"Uplynul\u00e9 ro\u010dn\u00edky - Zahrada p\u00edsni\u010dk\u00e1r\u016f\",\"isPartOf\":{\"@id\":\"https:\/\/zahradapisnickaru.cz\/category\/aktulity\/#website\"},\"datePublished\":\"2024-01-25T13:38:56+00:00\",\"breadcrumb\":{\"@id\":\"https:\/\/zahradapisnickaru.cz\/category\/aktulity\/uplynule-rocniky\/#breadcrumb\"},\"inLanguage\":\"cs\",\"potentialAction\":[{\"@type\":\"ReadAction\",\"target\":[\"https:\/\/zahradapisnickaru.cz\/category\/aktulity\/uplynule-rocniky\/\"]}]},{\"@type\":\"BreadcrumbList\",\"@id\":\"https:\/\/zahradapisnickaru.cz\/category\/aktulity\/uplynule-rocniky\/#breadcrumb\",\"itemListElement\":[{\"@type\":\"ListItem\",\"position\":1,\"name\":\"Dom\u016f\",\"item\":\"https:\/\/zahradapisnickaru.cz\/category\/aktulity\/\"},{\"@type\":\"ListItem\",\"position\":2,\"name\":\"Uplynul\u00e9 ro\u010dn\u00edky\"}]},{\"@type\":\"WebSite\",\"@id\":\"https:\/\/zahradapisnickaru.cz\/category\/aktulity\/#website\",\"url\":\"https:\/\/zahradapisnickaru.cz\/category\/aktulity\/\",\"name\":\"Zahrada p\u00edsni\u010dk\u00e1r\u016f\",\"description\":\"konkurzn\u00ed festival televize Noe ur\u010den\u00fd p\u00edsni\u010dk\u00e1\u0159\u016fm a p\u00edsni\u010dk\u00e1\u0159sk\u00fdm dvojic\u00edm\",\"publisher\":{\"@id\":\"https:\/\/zahradapisnickaru.cz\/category\/aktulity\/#organization\"},\"potentialAction\":[{\"@type\":\"SearchAction\",\"target\":{\"@type\":\"EntryPoint\",\"urlTemplate\":\"https:\/\/zahradapisnickaru.cz\/category\/aktulity\/?s={search_term_string}\"},\"query-input\":{\"@type\":\"PropertyValueSpecification\",\"valueRequired\":true,\"valueName\":\"search_term_string\"}}],\"inLanguage\":\"cs\"},{\"@type\":\"Organization\",\"@id\":\"https:\/\/zahradapisnickaru.cz\/category\/aktulity\/#organization\",\"name\":\"Zahrada p\u00edsni\u010dk\u00e1r\u016f\",\"url\":\"https:\/\/zahradapisnickaru.cz\/category\/aktulity\/\",\"logo\":{\"@type\":\"ImageObject\",\"inLanguage\":\"cs\",\"@id\":\"https:\/\/zahradapisnickaru.cz\/category\/aktulity\/#\/schema\/logo\/image\/\",\"url\":\"https:\/\/zahradapisnickaru.cz\/wp-content\/uploads\/2023\/02\/logo_zahrada_pisnickaru.png\",\"contentUrl\":\"https:\/\/zahradapisnickaru.cz\/wp-content\/uploads\/2023\/02\/logo_zahrada_pisnickaru.png\",\"width\":300,\"height\":300,\"caption\":\"Zahrada p\u00edsni\u010dk\u00e1r\u016f\"},\"image\":{\"@id\":\"https:\/\/zahradapisnickaru.cz\/category\/aktulity\/#\/schema\/logo\/image\/\"},\"sameAs\":[\"https:\/\/www.facebook.com\/zahradapisnickaru\/\"]}]}<\/script>\n<!-- \/ Yoast SEO plugin. -->","yoast_head_json":{"title":"Uplynul\u00e9 ro\u010dn\u00edky - Zahrada p\u00edsni\u010dk\u00e1r\u016f","robots":{"index":"index","follow":"follow","max-snippet":"max-snippet:-1","max-image-preview":"max-image-preview:large","max-video-preview":"max-video-preview:-1"},"canonical":"https:\/\/zahradapisnickaru.cz\/category\/aktulity\/uplynule-rocniky\/","og_locale":"cs_CZ","og_type":"article","og_title":"Uplynul\u00e9 ro\u010dn\u00edky - Zahrada p\u00edsni\u010dk\u00e1r\u016f","og_url":"https:\/\/zahradapisnickaru.cz\/category\/aktulity\/uplynule-rocniky\/","og_site_name":"Zahrada p\u00edsni\u010dk\u00e1r\u016f","article_publisher":"https:\/\/www.facebook.com\/zahradapisnickaru\/","twitter_card":"summary_large_image","schema":{"@context":"https:\/\/schema.org","@graph":[{"@type":"WebPage","@id":"https:\/\/zahradapisnickaru.cz\/category\/aktulity\/uplynule-rocniky\/","url":"https:\/\/zahradapisnickaru.cz\/category\/aktulity\/uplynule-rocniky\/","name":"Uplynul\u00e9 ro\u010dn\u00edky - Zahrada p\u00edsni\u010dk\u00e1r\u016f","isPartOf":{"@id":"https:\/\/zahradapisnickaru.cz\/category\/aktulity\/#website"},"datePublished":"2024-01-25T13:38:56+00:00","breadcrumb":{"@id":"https:\/\/zahradapisnickaru.cz\/category\/aktulity\/uplynule-rocniky\/#breadcrumb"},"inLanguage":"cs","potentialAction":[{"@type":"ReadAction","target":["https:\/\/zahradapisnickaru.cz\/category\/aktulity\/uplynule-rocniky\/"]}]},{"@type":"BreadcrumbList","@id":"https:\/\/zahradapisnickaru.cz\/category\/aktulity\/uplynule-rocniky\/#breadcrumb","itemListElement":[{"@type":"ListItem","position":1,"name":"Dom\u016f","item":"https:\/\/zahradapisnickaru.cz\/category\/aktulity\/"},{"@type":"ListItem","position":2,"name":"Uplynul\u00e9 ro\u010dn\u00edky"}]},{"@type":"WebSite","@id":"https:\/\/zahradapisnickaru.cz\/category\/aktulity\/#website","url":"https:\/\/zahradapisnickaru.cz\/category\/aktulity\/","name":"Zahrada p\u00edsni\u010dk\u00e1r\u016f","description":"konkurzn\u00ed festival televize Noe ur\u010den\u00fd p\u00edsni\u010dk\u00e1\u0159\u016fm a p\u00edsni\u010dk\u00e1\u0159sk\u00fdm dvojic\u00edm","publisher":{"@id":"https:\/\/zahradapisnickaru.cz\/category\/aktulity\/#organization"},"potentialAction":[{"@type":"SearchAction","target":{"@type":"EntryPoint","urlTemplate":"https:\/\/zahradapisnickaru.cz\/category\/aktulity\/?s={search_term_string}"},"query-input":{"@type":"PropertyValueSpecification","valueRequired":true,"valueName":"search_term_string"}}],"inLanguage":"cs"},{"@type":"Organization","@id":"https:\/\/zahradapisnickaru.cz\/category\/aktulity\/#organization","name":"Zahrada p\u00edsni\u010dk\u00e1r\u016f","url":"https:\/\/zahradapisnickaru.cz\/category\/aktulity\/","logo":{"@type":"ImageObject","inLanguage":"cs","@id":"https:\/\/zahradapisnickaru.cz\/category\/aktulity\/#\/schema\/logo\/image\/","url":"https:\/\/zahradapisnickaru.cz\/wp-content\/uploads\/2023\/02\/logo_zahrada_pisnickaru.png","contentUrl":"https:\/\/zahradapisnickaru.cz\/wp-content\/uploads\/2023\/02\/logo_zahrada_pisnickaru.png","width":300,"height":300,"caption":"Zahrada p\u00edsni\u010dk\u00e1r\u016f"},"image":{"@id":"https:\/\/zahradapisnickaru.cz\/category\/aktulity\/#\/schema\/logo\/image\/"},"sameAs":["https:\/\/www.facebook.com\/zahradapisnickaru\/"]}]}},"_links":{"self":[{"href":"https:\/\/zahradapisnickaru.cz\/category\/aktulity\/wp-json\/wp\/v2\/pages\/455","targetHints":{"allow":["GET"]}}],"collection":[{"href":"https:\/\/zahradapisnickaru.cz\/category\/aktulity\/wp-json\/wp\/v2\/pages"}],"about":[{"href":"https:\/\/zahradapisnickaru.cz\/category\/aktulity\/wp-json\/wp\/v2\/types\/page"}],"author":[{"embeddable":true,"href":"https:\/\/zahradapisnickaru.cz\/category\/aktulity\/wp-json\/wp\/v2\/users\/2"}],"replies":[{"embeddable":true,"href":"https:\/\/zahradapisnickaru.cz\/category\/aktulity\/wp-json\/wp\/v2\/comments?post=455"}],"version-history":[{"count":1,"href":"https:\/\/zahradapisnickaru.cz\/category\/aktulity\/wp-json\/wp\/v2\/pages\/455\/revisions"}],"predecessor-version":[{"id":457,"href":"https:\/\/zahradapisnickaru.cz\/category\/aktulity\/wp-json\/wp\/v2\/pages\/455\/revisions\/457"}],"wp:attachment":[{"href":"https:\/\/zahradapisnickaru.cz\/category\/aktulity\/wp-json\/wp\/v2\/media?parent=455"}],"curies":[{"name":"wp","href":"https:\/\/api.w.org\/{rel}","templated":true}]}}